{"id":200,"date":"2018-04-18T09:37:14","date_gmt":"2018-04-18T09:37:14","guid":{"rendered":"https:\/\/entrepueblos.org\/?page_id=200"},"modified":"2023-05-08T14:11:53","modified_gmt":"2023-05-08T14:11:53","slug":"quienes-somos","status":"publish","type":"page","link":"https:\/\/www.entrepueblos.org\/repositoriweb\/quienes-somos\/","title":{"rendered":"QUI\u00c9NES SOMOS"},"content":{"rendered":"<div id='av_section_1'  class='avia-section main_color avia-section-default avia-no-border-styling  avia-full-stretch av-parallax-section av-section-color-overlay-active avia-bg-style-parallax  avia-builder-el-0  el_before_av_section  avia-builder-el-first  header-section  av-small-hide av-mini-hide av-minimum-height av-minimum-height-50  container_wrap sidebar_right' style=' '  data-section-bg-repeat='stretch' data-av_minimum_height_pc='50'><div class='av-parallax' data-avia-parallax-ratio='0.3' ><div class='av-parallax-inner main_color  avia-full-stretch' style = 'background-repeat: no-repeat; background-image: url(https:\/\/www.entrepueblos.org\/repositoriweb\/wp-content\/uploads\/2018\/05\/30-asambleaweb.jpg);background-attachment: scroll; background-position: bottom center; ' ><\/div><\/div><div class='av-section-color-overlay-wrap'><div class='av-section-color-overlay' style='opacity: 0.7; background-color: #3f3f3f; '><\/div><div class='container' ><main  role=\"main\" itemprop=\"mainContentOfPage\"  class='template-page content  av-content-small alpha units'><div class='post-entry post-entry-type-page post-entry-200'><div class='entry-content-wrapper clearfix'>\n<div class='flex_column_table av-equal-height-column-flextable -flextable' ><div class=\"flex_column av_one_full  flex_column_table_cell av-equal-height-column av-align-middle av-zero-column-padding first  avia-builder-el-1  avia-builder-el-no-sibling  title-ot \" style='border-radius:0px; '><section class=\"av_textblock_section \"  itemscope=\"itemscope\" itemtype=\"https:\/\/schema.org\/CreativeWork\" ><div class='avia_textblock ot-title av_inherit_color '  style='color:#ffffff; '  itemprop=\"text\" ><h2 style=\"text-align: center;\">35 a\u00f1os de compromiso para la transformaci\u00f3n social llevando a cabo propuestas de cooperaci\u00f3n solidaria<\/h2>\n<\/div><\/section><\/div><\/div><!--close column table wrapper. Autoclose: 1 -->\n\n<\/div><\/div><\/main><!-- close content main element --><\/div><\/div><\/div><div id='av_section_2'  class='avia-section main_color avia-section-default avia-no-border-styling  avia-full-stretch av-parallax-section av-section-color-overlay-active avia-bg-style-parallax  avia-builder-el-3  el_after_av_section  el_before_av_submenu  header-section-mobile  av-desktop-hide av-medium-hide av-minimum-height av-minimum-height-75  container_wrap sidebar_right' style=' '  data-section-bg-repeat='stretch' data-av_minimum_height_pc='75'><div class='av-parallax' data-avia-parallax-ratio='0.3' ><div class='av-parallax-inner main_color  avia-full-stretch' style = 'background-repeat: no-repeat; background-image: url(https:\/\/www.entrepueblos.org\/repositoriweb\/wp-content\/uploads\/2018\/05\/30-asambleaweb.jpg);background-attachment: scroll; background-position: center center; ' ><\/div><\/div><div class='av-section-color-overlay-wrap'><div class='av-section-color-overlay' style='opacity: 0.7; background-color: #3f3f3f; '><\/div><div class='container' ><div class='template-page content  av-content-small alpha units'><div class='post-entry post-entry-type-page post-entry-200'><div class='entry-content-wrapper clearfix'>\n<div class='flex_column_table av-equal-height-column-flextable -flextable' ><div class=\"flex_column av_one_full  flex_column_table_cell av-equal-height-column av-align-middle av-zero-column-padding first  avia-builder-el-4  avia-builder-el-no-sibling  title-ot-mobile \" style='border-radius:0px; '><section class=\"av_textblock_section \"  itemscope=\"itemscope\" itemtype=\"https:\/\/schema.org\/CreativeWork\" ><div class='avia_textblock text-title-mobile av_inherit_color '  style='color:#ffffff; '  itemprop=\"text\" ><h2 style=\"text-align: center;\">35 a\u00f1os de compromiso para la transformaci\u00f3n social llevando a cabo propuestas de cooperaci\u00f3n solidaria<\/h2>\n<\/div><\/section><\/div><\/div><!--close column table wrapper. Autoclose: 1 -->\n\n<\/div><\/div><\/div><!-- close content main div --><\/div><\/div><\/div><div id='sub_menu1'  class='av-submenu-container main_color  avia-builder-el-6  el_after_av_section  el_before_av_one_full  menu-who  submenu-not-first container_wrap sidebar_right' style='  z-index:301' ><div class='container av-menu-mobile-disabled '><ul id='av-custom-submenu-1' class='av-subnav-menu av-submenu-pos-center'>\n<li class='menu-item menu-item-top-level  menu-item-top-level-1'><a href='https:\/\/www.entrepueblos.org\/repositoriweb\/quienes-somos\/nuestro-enfoque\/' ><span class='avia-bullet'><\/span><span class='avia-menu-text'>NUESTRO ENFOQUE<\/span><\/a><\/li>\n<li class='menu-item menu-item-top-level  menu-item-top-level-2'><a href='https:\/\/www.entrepueblos.org\/repositoriweb\/quienes-somos\/mision-vision-y-valores\/' ><span class='avia-bullet'><\/span><span class='avia-menu-text'>VISI\u00d3N, MISI\u00d3N, VALORES<\/span><\/a><\/li>\n<li class='menu-item menu-item-top-level  menu-item-top-level-3'><a href='https:\/\/www.entrepueblos.org\/repositoriweb\/quienes-somos\/como-nos-organizamos\/' ><span class='avia-bullet'><\/span><span class='avia-menu-text'>C\u00d3MO NOS ORGANIZAMOS<\/span><\/a><\/li>\n<li class='menu-item menu-item-top-level  menu-item-top-level-4'><a href='https:\/\/www.entrepueblos.org\/repositoriweb\/quienes-somos\/portal-de-transparencia\/' ><span class='avia-bullet'><\/span><span class='avia-menu-text'>PORTAL DE TRANSPARENCIA<\/span><\/a><\/li>\n<\/ul><\/div><\/div><div id='after_submenu'  class='main_color av_default_container_wrap container_wrap sidebar_right' style=' '  ><div class='container' ><div class='template-page content  av-content-small alpha units'><div class='post-entry post-entry-type-page post-entry-200'><div class='entry-content-wrapper clearfix'>\n<div class=\"flex_column av_one_full  flex_column_div av-zero-column-padding first  avia-builder-el-7  el_after_av_submenu  el_before_av_one_full  avia-builder-el-first  quienes-somos-textblock \" style='border-radius:0px; '><section class=\"av_textblock_section \"  itemscope=\"itemscope\" itemtype=\"https:\/\/schema.org\/CreativeWork\" ><div class='avia_textblock  '   itemprop=\"text\" ><p>Somos una asociaci\u00f3n de solidaridad internacional independiente, feminista, con base social activista, constituida en 1988 por los Comit\u00e9s de Solidaridad con Am\u00e9rica Latina.<\/p>\n<p>A trav\u00e9s de la cooperaci\u00f3n solidaria, la educaci\u00f3n emancipatoria y la incidencia pol\u00edtica, promovemos la <strong>transformaci\u00f3n social<\/strong> junto a organizaciones y movimientos alternativos de todo el mundo.<\/p>\n<p>Formamos parte de alianzas de apoyo mutuo para el pleno ejercicio de las<strong> soberan\u00edas<\/strong>, los <strong>derechos humanos<\/strong> y los <strong>derechos de la naturaleza<\/strong>.<\/p>\n<p>Colaboramos en actividades y procesos<strong>,<\/strong> tanto formativos como organizativos, promoviendo espacios cooperativos, de trabajo en equipo, libres de violencias, en los que poner <strong>los cuidados y la vida en el centro<\/strong>.<\/p>\n<\/div><\/section><\/div><div class=\"flex_column av_one_full  flex_column_div av-zero-column-padding first  avia-builder-el-9  el_after_av_one_full  avia-builder-el-last  quienes-somos-textblock column-top-margin\" style='border-radius:0px; '><div  class='avia-image-container  av-styling-    avia-builder-el-10  avia-builder-el-no-sibling  avia-align-center '  itemprop=\"image\" itemscope=\"itemscope\" itemtype=\"https:\/\/schema.org\/ImageObject\"  ><div class='avia-image-container-inner'><div class='avia-image-overlay-wrap'><img decoding=\"async\" class='wp-image-456 avia-img-lazy-loading-not-456 avia_image' src=\"https:\/\/www.entrepueblos.org\/repositoriweb\/wp-content\/uploads\/2018\/05\/enfoque.jpg\" alt='' title='enfoque' height=\"1333\" width=\"2000\"  itemprop=\"thumbnailUrl\" srcset=\"https:\/\/www.entrepueblos.org\/repositoriweb\/wp-content\/uploads\/2018\/05\/enfoque.jpg 2000w, https:\/\/www.entrepueblos.org\/repositoriweb\/wp-content\/uploads\/2018\/05\/enfoque-300x200.jpg 300w, https:\/\/www.entrepueblos.org\/repositoriweb\/wp-content\/uploads\/2018\/05\/enfoque-768x512.jpg 768w, https:\/\/www.entrepueblos.org\/repositoriweb\/wp-content\/uploads\/2018\/05\/enfoque-1030x686.jpg 1030w, https:\/\/www.entrepueblos.org\/repositoriweb\/wp-content\/uploads\/2018\/05\/enfoque-1500x1000.jpg 1500w, https:\/\/www.entrepueblos.org\/repositoriweb\/wp-content\/uploads\/2018\/05\/enfoque-705x470.jpg 705w, https:\/\/www.entrepueblos.org\/repositoriweb\/wp-content\/uploads\/2018\/05\/enfoque-450x300.jpg 450w\" sizes=\"(max-width: 2000px) 100vw, 2000px\" \/><\/div><\/div><\/div><\/div><\/p>\n","protected":false},"excerpt":{"rendered":"","protected":false},"author":9,"featured_media":0,"parent":0,"menu_order":0,"comment_status":"closed","ping_status":"closed","template":"","meta":{"_acf_changed":false,"_price":"","_stock":"","_tribe_ticket_header":"","_tribe_default_ticket_provider":"","_tribe_ticket_capacity":"0","_ticket_start_date":"","_ticket_end_date":"","_tribe_ticket_show_description":"","_tribe_ticket_show_not_going":false,"_tribe_ticket_use_global_stock":"","_tribe_ticket_global_stock_level":"","_global_stock_mode":"","_global_stock_cap":"","_tribe_rsvp_for_event":"","_tribe_ticket_going_count":"","_tribe_ticket_not_going_count":"","_tribe_tickets_list":"[]","_tribe_ticket_has_attendee_info_fields":false,"footnotes":"","_tec_slr_enabled":"","_tec_slr_layout":""},"class_list":["post-200","page","type-page","status-publish","hentry"],"acf":[],"yoast_head":"<!-- This site is optimized with the Yoast SEO plugin v25.0 - https:\/\/yoast.com\/wordpress\/plugins\/seo\/ -->\n<title>QUI\u00c9NES SOMOS - Entrepueblos<\/title>\n<meta name=\"robots\" content=\"index, follow, max-snippet:-1, max-image-preview:large, max-video-preview:-1\" \/>\n<link rel=\"canonical\" href=\"https:\/\/www.entrepueblos.org\/repositoriweb\/quienes-somos\/\" \/>\n<meta property=\"og:locale\" content=\"es_ES\" \/>\n<meta property=\"og:type\" content=\"article\" \/>\n<meta property=\"og:title\" content=\"QUI\u00c9NES SOMOS - Entrepueblos\" \/>\n<meta property=\"og:url\" content=\"https:\/\/www.entrepueblos.org\/repositoriweb\/quienes-somos\/\" \/>\n<meta property=\"og:site_name\" content=\"Entrepueblos\" \/>\n<meta property=\"article:modified_time\" content=\"2023-05-08T14:11:53+00:00\" \/>\n<meta name=\"twitter:card\" content=\"summary_large_image\" \/>\n<meta name=\"twitter:label1\" content=\"Tiempo de lectura\" \/>\n\t<meta name=\"twitter:data1\" content=\"5 minutos\" \/>\n<script type=\"application\/ld+json\" class=\"yoast-schema-graph\">{\"@context\":\"https:\/\/schema.org\",\"@graph\":[{\"@type\":\"WebPage\",\"@id\":\"https:\/\/www.entrepueblos.org\/repositoriweb\/quienes-somos\/\",\"url\":\"https:\/\/www.entrepueblos.org\/repositoriweb\/quienes-somos\/\",\"name\":\"QUI\u00c9NES SOMOS - Entrepueblos\",\"isPartOf\":{\"@id\":\"https:\/\/www.entrepueblos.org\/repositoriweb\/#website\"},\"datePublished\":\"2018-04-18T09:37:14+00:00\",\"dateModified\":\"2023-05-08T14:11:53+00:00\",\"breadcrumb\":{\"@id\":\"https:\/\/www.entrepueblos.org\/repositoriweb\/quienes-somos\/#breadcrumb\"},\"inLanguage\":\"es\",\"potentialAction\":[{\"@type\":\"ReadAction\",\"target\":[\"https:\/\/www.entrepueblos.org\/repositoriweb\/quienes-somos\/\"]}]},{\"@type\":\"BreadcrumbList\",\"@id\":\"https:\/\/www.entrepueblos.org\/repositoriweb\/quienes-somos\/#breadcrumb\",\"itemListElement\":[{\"@type\":\"ListItem\",\"position\":1,\"name\":\"Portada\",\"item\":\"https:\/\/www.entrepueblos.org\/repositoriweb\/\"},{\"@type\":\"ListItem\",\"position\":2,\"name\":\"QUI\u00c9NES SOMOS\"}]},{\"@type\":\"WebSite\",\"@id\":\"https:\/\/www.entrepueblos.org\/repositoriweb\/#website\",\"url\":\"https:\/\/www.entrepueblos.org\/repositoriweb\/\",\"name\":\"Entrepueblos\",\"description\":\"Cooperaci\u00f3n pueblo a pueblo\",\"potentialAction\":[{\"@type\":\"SearchAction\",\"target\":{\"@type\":\"EntryPoint\",\"urlTemplate\":\"https:\/\/www.entrepueblos.org\/repositoriweb\/?s={search_term_string}\"},\"query-input\":{\"@type\":\"PropertyValueSpecification\",\"valueRequired\":true,\"valueName\":\"search_term_string\"}}],\"inLanguage\":\"es\"}]}<\/script>\n<!-- \/ Yoast SEO plugin. -->","yoast_head_json":{"title":"QUI\u00c9NES SOMOS - Entrepueblos","robots":{"index":"index","follow":"follow","max-snippet":"max-snippet:-1","max-image-preview":"max-image-preview:large","max-video-preview":"max-video-preview:-1"},"canonical":"https:\/\/www.entrepueblos.org\/repositoriweb\/quienes-somos\/","og_locale":"es_ES","og_type":"article","og_title":"QUI\u00c9NES SOMOS - Entrepueblos","og_url":"https:\/\/www.entrepueblos.org\/repositoriweb\/quienes-somos\/","og_site_name":"Entrepueblos","article_modified_time":"2023-05-08T14:11:53+00:00","twitter_card":"summary_large_image","twitter_misc":{"Tiempo de lectura":"5 minutos"},"schema":{"@context":"https:\/\/schema.org","@graph":[{"@type":"WebPage","@id":"https:\/\/www.entrepueblos.org\/repositoriweb\/quienes-somos\/","url":"https:\/\/www.entrepueblos.org\/repositoriweb\/quienes-somos\/","name":"QUI\u00c9NES SOMOS - Entrepueblos","isPartOf":{"@id":"https:\/\/www.entrepueblos.org\/repositoriweb\/#website"},"datePublished":"2018-04-18T09:37:14+00:00","dateModified":"2023-05-08T14:11:53+00:00","breadcrumb":{"@id":"https:\/\/www.entrepueblos.org\/repositoriweb\/quienes-somos\/#breadcrumb"},"inLanguage":"es","potentialAction":[{"@type":"ReadAction","target":["https:\/\/www.entrepueblos.org\/repositoriweb\/quienes-somos\/"]}]},{"@type":"BreadcrumbList","@id":"https:\/\/www.entrepueblos.org\/repositoriweb\/quienes-somos\/#breadcrumb","itemListElement":[{"@type":"ListItem","position":1,"name":"Portada","item":"https:\/\/www.entrepueblos.org\/repositoriweb\/"},{"@type":"ListItem","position":2,"name":"QUI\u00c9NES SOMOS"}]},{"@type":"WebSite","@id":"https:\/\/www.entrepueblos.org\/repositoriweb\/#website","url":"https:\/\/www.entrepueblos.org\/repositoriweb\/","name":"Entrepueblos","description":"Cooperaci\u00f3n pueblo a pueblo","potentialAction":[{"@type":"SearchAction","target":{"@type":"EntryPoint","urlTemplate":"https:\/\/www.entrepueblos.org\/repositoriweb\/?s={search_term_string}"},"query-input":{"@type":"PropertyValueSpecification","valueRequired":true,"valueName":"search_term_string"}}],"inLanguage":"es"}]}},"ticketed":false,"_links":{"self":[{"href":"https:\/\/www.entrepueblos.org\/repositoriweb\/wp-json\/wp\/v2\/pages\/200","targetHints":{"allow":["GET"]}}],"collection":[{"href":"https:\/\/www.entrepueblos.org\/repositoriweb\/wp-json\/wp\/v2\/pages"}],"about":[{"href":"https:\/\/www.entrepueblos.org\/repositoriweb\/wp-json\/wp\/v2\/types\/page"}],"author":[{"embeddable":true,"href":"https:\/\/www.entrepueblos.org\/repositoriweb\/wp-json\/wp\/v2\/users\/9"}],"replies":[{"embeddable":true,"href":"https:\/\/www.entrepueblos.org\/repositoriweb\/wp-json\/wp\/v2\/comments?post=200"}],"version-history":[{"count":54,"href":"https:\/\/www.entrepueblos.org\/repositoriweb\/wp-json\/wp\/v2\/pages\/200\/revisions"}],"predecessor-version":[{"id":36210,"href":"https:\/\/www.entrepueblos.org\/repositoriweb\/wp-json\/wp\/v2\/pages\/200\/revisions\/36210"}],"wp:attachment":[{"href":"https:\/\/www.entrepueblos.org\/repositoriweb\/wp-json\/wp\/v2\/media?parent=200"}],"curies":[{"name":"wp","href":"https:\/\/api.w.org\/{rel}","templated":true}]}}