{"id":37237,"date":"2023-11-15T14:32:52","date_gmt":"2023-11-15T14:32:52","guid":{"rendered":"https:\/\/entrepueblos.org\/?page_id=37237"},"modified":"2023-11-15T14:42:48","modified_gmt":"2023-11-15T14:42:48","slug":"aviso-legal","status":"publish","type":"page","link":"https:\/\/www.entrepueblos.org\/repositoriweb\/aviso-legal\/","title":{"rendered":"Aviso Legal"},"content":{"rendered":"<section class=\"av_textblock_section \"  itemscope=\"itemscope\" itemtype=\"https:\/\/schema.org\/CreativeWork\" ><div class='avia_textblock  '   itemprop=\"text\" ><h3>1.Responsable del tratamiento:<\/h3>\n<p>ASOCIACI\u00d3N ENTREPUEBLOS<\/p>\n<h3>2. Tipo de datos y Finalidad del tratamiento:<\/h3>\n<p>Datos de contacto y otras necesarias para las finalidades requeridas, como dar respuesta a la informaci\u00f3n solicitada a trav\u00e9s de nuestra web <a href=\"https:\/\/entrepueblos.org\">https:\/\/entrepueblos.org<\/a> y otros medios, gestionar nuestros servicios, las actividades y prestaciones que ofrecemos a nuestras socias, la gesti\u00f3n comercial y administrativa de la Asociaci\u00f3n.<\/p>\n<h3>3. Legitimaci\u00f3n del tratamiento:<\/h3>\n<p>Consentimiento del usuario\/aria, cumplimiento de obligaciones legales, la ejecuci\u00f3n de los contratos que se generen entre la Asociaci\u00f3n y proveedores\/se, trabajadores\/se, o terceros y, si se tercia, los intereses leg\u00edtimos de la Asociaci\u00f3n.<\/p>\n<h3>4. Plazo de conservaci\u00f3n:<\/h3>\n<p>Mientras dure la legitimaci\u00f3n por consentimiento, relaci\u00f3n contractual u obligaci\u00f3n legal.<\/p>\n<h3>5. Destinatarios\/arias:<\/h3>\n<p>Los datos que nos facilite ser\u00e1n incorporadas a la base de datos de la ASOCIACI\u00d3N ENTREPUEBLOS y no ser\u00e1n cedidas a terceros, excepto a aquellos que necesariamente tengan que intervenir para la prestaci\u00f3n de nuestros servicios o gesti\u00f3n de nuestras actividades.<\/p>\n<h3>6. Ejercicio de derechos:<\/h3>\n<p>Acceder, rectificar y suprimir sus datos, as\u00ed como los otros derechos previstos por la normativa vigente.<\/p>\n<h3>7. Reclamaci\u00f3n ante la Autoridad de Control:<\/h3>\n<p>Puede dirigir las reclamaciones derivadas del tratamiento de sus datos de car\u00e1cter personal a la Agencia Espa\u00f1ola de Protecci\u00f3n de Datos (<a href=\"http:\/\/www.aepd.es\">www.aepd.es<\/a>).<\/p>\n<h3>8.Legislaci\u00f3n:<\/h3>\n<p>La presente pol\u00edtica de privacidad se rige en todos y cada uno de sus extremos por el Reglamento General de Protecci\u00f3n de Datos de la Uni\u00f3n Europea y resto de normativa relacionada.<\/p>\n<h3>9.Actualizaci\u00f3n:<\/h3>\n<p>Noviembre 2023<\/p>\n<\/div><\/section>\n","protected":false},"excerpt":{"rendered":"","protected":false},"author":11,"featured_media":0,"parent":0,"menu_order":0,"comment_status":"closed","ping_status":"closed","template":"","meta":{"_acf_changed":false,"_price":"","_stock":"","_tribe_ticket_header":"","_tribe_default_ticket_provider":"","_tribe_ticket_capacity":"0","_ticket_start_date":"","_ticket_end_date":"","_tribe_ticket_show_description":"","_tribe_ticket_show_not_going":false,"_tribe_ticket_use_global_stock":"","_tribe_ticket_global_stock_level":"","_global_stock_mode":"","_global_stock_cap":"","_tribe_rsvp_for_event":"","_tribe_ticket_going_count":"","_tribe_ticket_not_going_count":"","_tribe_tickets_list":"[]","_tribe_ticket_has_attendee_info_fields":false,"footnotes":"","_tec_slr_enabled":"","_tec_slr_layout":""},"class_list":["post-37237","page","type-page","status-publish","hentry"],"acf":[],"yoast_head":"<!-- This site is optimized with the Yoast SEO plugin v25.0 - https:\/\/yoast.com\/wordpress\/plugins\/seo\/ -->\n<title>Aviso Legal - Entrepueblos<\/title>\n<meta name=\"robots\" content=\"index, follow, max-snippet:-1, max-image-preview:large, max-video-preview:-1\" \/>\n<link rel=\"canonical\" href=\"https:\/\/www.entrepueblos.org\/repositoriweb\/aviso-legal\/\" \/>\n<meta property=\"og:locale\" content=\"es_ES\" \/>\n<meta property=\"og:type\" content=\"article\" \/>\n<meta property=\"og:title\" content=\"Aviso Legal - Entrepueblos\" \/>\n<meta property=\"og:url\" content=\"https:\/\/www.entrepueblos.org\/repositoriweb\/aviso-legal\/\" \/>\n<meta property=\"og:site_name\" content=\"Entrepueblos\" \/>\n<meta property=\"article:modified_time\" content=\"2023-11-15T14:42:48+00:00\" \/>\n<meta name=\"twitter:card\" content=\"summary_large_image\" \/>\n<meta name=\"twitter:label1\" content=\"Tiempo de lectura\" \/>\n\t<meta name=\"twitter:data1\" content=\"1 minuto\" \/>\n<script type=\"application\/ld+json\" class=\"yoast-schema-graph\">{\"@context\":\"https:\/\/schema.org\",\"@graph\":[{\"@type\":\"WebPage\",\"@id\":\"https:\/\/www.entrepueblos.org\/repositoriweb\/aviso-legal\/\",\"url\":\"https:\/\/www.entrepueblos.org\/repositoriweb\/aviso-legal\/\",\"name\":\"Aviso Legal - Entrepueblos\",\"isPartOf\":{\"@id\":\"https:\/\/www.entrepueblos.org\/repositoriweb\/#website\"},\"datePublished\":\"2023-11-15T14:32:52+00:00\",\"dateModified\":\"2023-11-15T14:42:48+00:00\",\"breadcrumb\":{\"@id\":\"https:\/\/www.entrepueblos.org\/repositoriweb\/aviso-legal\/#breadcrumb\"},\"inLanguage\":\"es\",\"potentialAction\":[{\"@type\":\"ReadAction\",\"target\":[\"https:\/\/www.entrepueblos.org\/repositoriweb\/aviso-legal\/\"]}]},{\"@type\":\"BreadcrumbList\",\"@id\":\"https:\/\/www.entrepueblos.org\/repositoriweb\/aviso-legal\/#breadcrumb\",\"itemListElement\":[{\"@type\":\"ListItem\",\"position\":1,\"name\":\"Portada\",\"item\":\"https:\/\/www.entrepueblos.org\/repositoriweb\/\"},{\"@type\":\"ListItem\",\"position\":2,\"name\":\"Aviso Legal\"}]},{\"@type\":\"WebSite\",\"@id\":\"https:\/\/www.entrepueblos.org\/repositoriweb\/#website\",\"url\":\"https:\/\/www.entrepueblos.org\/repositoriweb\/\",\"name\":\"Entrepueblos\",\"description\":\"Cooperaci\u00f3n pueblo a pueblo\",\"potentialAction\":[{\"@type\":\"SearchAction\",\"target\":{\"@type\":\"EntryPoint\",\"urlTemplate\":\"https:\/\/www.entrepueblos.org\/repositoriweb\/?s={search_term_string}\"},\"query-input\":{\"@type\":\"PropertyValueSpecification\",\"valueRequired\":true,\"valueName\":\"search_term_string\"}}],\"inLanguage\":\"es\"}]}<\/script>\n<!-- \/ Yoast SEO plugin. -->","yoast_head_json":{"title":"Aviso Legal - Entrepueblos","robots":{"index":"index","follow":"follow","max-snippet":"max-snippet:-1","max-image-preview":"max-image-preview:large","max-video-preview":"max-video-preview:-1"},"canonical":"https:\/\/www.entrepueblos.org\/repositoriweb\/aviso-legal\/","og_locale":"es_ES","og_type":"article","og_title":"Aviso Legal - Entrepueblos","og_url":"https:\/\/www.entrepueblos.org\/repositoriweb\/aviso-legal\/","og_site_name":"Entrepueblos","article_modified_time":"2023-11-15T14:42:48+00:00","twitter_card":"summary_large_image","twitter_misc":{"Tiempo de lectura":"1 minuto"},"schema":{"@context":"https:\/\/schema.org","@graph":[{"@type":"WebPage","@id":"https:\/\/www.entrepueblos.org\/repositoriweb\/aviso-legal\/","url":"https:\/\/www.entrepueblos.org\/repositoriweb\/aviso-legal\/","name":"Aviso Legal - Entrepueblos","isPartOf":{"@id":"https:\/\/www.entrepueblos.org\/repositoriweb\/#website"},"datePublished":"2023-11-15T14:32:52+00:00","dateModified":"2023-11-15T14:42:48+00:00","breadcrumb":{"@id":"https:\/\/www.entrepueblos.org\/repositoriweb\/aviso-legal\/#breadcrumb"},"inLanguage":"es","potentialAction":[{"@type":"ReadAction","target":["https:\/\/www.entrepueblos.org\/repositoriweb\/aviso-legal\/"]}]},{"@type":"BreadcrumbList","@id":"https:\/\/www.entrepueblos.org\/repositoriweb\/aviso-legal\/#breadcrumb","itemListElement":[{"@type":"ListItem","position":1,"name":"Portada","item":"https:\/\/www.entrepueblos.org\/repositoriweb\/"},{"@type":"ListItem","position":2,"name":"Aviso Legal"}]},{"@type":"WebSite","@id":"https:\/\/www.entrepueblos.org\/repositoriweb\/#website","url":"https:\/\/www.entrepueblos.org\/repositoriweb\/","name":"Entrepueblos","description":"Cooperaci\u00f3n pueblo a pueblo","potentialAction":[{"@type":"SearchAction","target":{"@type":"EntryPoint","urlTemplate":"https:\/\/www.entrepueblos.org\/repositoriweb\/?s={search_term_string}"},"query-input":{"@type":"PropertyValueSpecification","valueRequired":true,"valueName":"search_term_string"}}],"inLanguage":"es"}]}},"ticketed":false,"_links":{"self":[{"href":"https:\/\/www.entrepueblos.org\/repositoriweb\/wp-json\/wp\/v2\/pages\/37237","targetHints":{"allow":["GET"]}}],"collection":[{"href":"https:\/\/www.entrepueblos.org\/repositoriweb\/wp-json\/wp\/v2\/pages"}],"about":[{"href":"https:\/\/www.entrepueblos.org\/repositoriweb\/wp-json\/wp\/v2\/types\/page"}],"author":[{"embeddable":true,"href":"https:\/\/www.entrepueblos.org\/repositoriweb\/wp-json\/wp\/v2\/users\/11"}],"replies":[{"embeddable":true,"href":"https:\/\/www.entrepueblos.org\/repositoriweb\/wp-json\/wp\/v2\/comments?post=37237"}],"version-history":[{"count":4,"href":"https:\/\/www.entrepueblos.org\/repositoriweb\/wp-json\/wp\/v2\/pages\/37237\/revisions"}],"predecessor-version":[{"id":37485,"href":"https:\/\/www.entrepueblos.org\/repositoriweb\/wp-json\/wp\/v2\/pages\/37237\/revisions\/37485"}],"wp:attachment":[{"href":"https:\/\/www.entrepueblos.org\/repositoriweb\/wp-json\/wp\/v2\/media?parent=37237"}],"curies":[{"name":"wp","href":"https:\/\/api.w.org\/{rel}","templated":true}]}}